{"id":1562,"date":"2019-03-19T09:16:13","date_gmt":"2019-03-19T08:16:13","guid":{"rendered":"http:\/\/www.masdelabolp.it\/webcam\/"},"modified":"2024-05-29T17:19:05","modified_gmt":"2024-05-29T15:19:05","slug":"webcam","status":"publish","type":"page","link":"https:\/\/www.masdelabolp.it\/de\/webcam\/","title":{"rendered":"Webcam"},"content":{"rendered":"<div class=\"wpb-content-wrapper\"><p>[vc_row css=&#8220;.vc_custom_1547817466497{margin-top: 50px !important;margin-bottom: 50px !important;}&#8220;][vc_column width=&#8220;1\/3&#8243;][vc_column_text]<\/p>\n<h2>Webcam<\/h2>\n<h4>Das Valle di Valorz mit dem Mas de la Bolp<\/h4>\n<p>[\/vc_column_text][\/vc_column][vc_column width=&#8220;2\/3&#8243;][vc_column_text]<strong>***Unsere Webcam ist vor\u00fcbergehend au\u00dfer Betrieb, sorry! **<\/strong><\/p>\n<p>Die Webcam zeigt das Valle di Valorz mit dem Mas de la Bolp.<\/p>\n<p>Das Bild, das alle 5 Sekunden aktualisiert wird, bietet einen vollst\u00e4ndigen Eindruck \u00fcber die Landschaft, die das Mas de la Bolp umgibt, die Schneeverh\u00e4ltnisse und die Wetterbedingungen.<\/p>\n<p>Sehr sch\u00f6n, oder? &#8230;jetzt m\u00fcssen Sie uns nur noch besuchen kommen![\/vc_column_text][\/vc_column][\/vc_row][vc_row][vc_column][vc_single_image image=&#8220;4876&#8243; img_size=&#8220;full&#8220; alignment=&#8220;center&#8220;][\/vc_column][\/vc_row][vc_row disable_element=&#8220;yes&#8220; css=&#8220;.vc_custom_1716995465042{margin-top: 50px !important;margin-bottom: 50px !important;}&#8220;][vc_column][vc_raw_html]JTNDaW1nJTIwY2xhc3MlM0QlMjJhbGlnbmNlbnRlciUyMiUyMHNyYyUzRCUyMmh0dHBzJTNBJTJGJTJGY2FtbWFzZGVsYWJvbHAubmV0ZnJ1Lml0JTJGc25hcC5qcGVnJTIyJTIwYWx0JTNEJTIyTGElMjB3ZWJjYW0lMjBkaSUyME1hcyUyMGRlJTIwbGElMjBCb2xwJTIyJTIwd2lkdGglM0QlMjIxMDAlMjUlMjIlMjBoZWlnaHQlM0QlMjJhdXRvJTIyJTIwJTJGJTNF[\/vc_raw_html][\/vc_column][\/vc_row][vc_row full_width=&#8220;stretch_row&#8220; css=&#8220;.vc_custom_1548080744417{padding-top: 35px !important;padding-bottom: 35px !important;background-color: #f4f4f4 !important;}&#8220;][vc_column][vc_column_text css=&#8220;.vc_custom_1575286000848{margin-bottom: 30px !important;}&#8220;]<\/p>\n<h3 class=\"aligncenter\">Unseren Angeboten<\/h3>\n<p>[\/vc_column_text][vc_column_text]        <div class=\"wcp-carousel-main-wrap\">\n        <section class=\"wcp-slick\"  data-accessibility = on data-autoplay = on data-dots = on data-autoplaySpeed = 3500 data-slidesToShow = 3 data-slidesToShowtab = 2 data-slidesToShowmob = 1 data-speed = 500 data-margin = 20px data-arrows = on id=\"carousel-57\">\n\n                            <div class=\"slick-slide carousel-item-1733\">\n                    <div class=\"post-style-2 rpc-bg rpc-box\">\n    <div class=\"wcp-img-wrap\">\n        <a href=\"https:\/\/www.masdelabolp.it\/de\/offerte\/una-vacanza-al-maso-bella-e-divertente\/\">\n            <div class=\"fixed-height-image\"><img loading=\"lazy\" decoding=\"async\" width=\"600\" height=\"410\" src=\"https:\/\/www.masdelabolp.it\/wp-content\/uploads\/2020\/04\/Mas-de-la-Bolp-Mountain-Chalet-Val-di-Rabbi-Trentino-53-600x410.jpg\" class=\"attachment-600x410 size-600x410 wp-post-image\" alt=\"\" srcset=\"https:\/\/www.masdelabolp.it\/wp-content\/uploads\/2020\/04\/Mas-de-la-Bolp-Mountain-Chalet-Val-di-Rabbi-Trentino-53-600x410.jpg 600w, https:\/\/www.masdelabolp.it\/wp-content\/uploads\/2020\/04\/Mas-de-la-Bolp-Mountain-Chalet-Val-di-Rabbi-Trentino-53-800x547.jpg 800w\" sizes=\"auto, (max-width: 600px) 100vw, 600px\" \/><\/div>        <\/a>\n    <\/div>\n    <div class=\"wcp-content-wrap\">\n        <h3>\n            <a class=\"rpc-title\" href=\"https:\/\/www.masdelabolp.it\/de\/offerte\/una-vacanza-al-maso-bella-e-divertente\/\" target=\"_self\" class=\"rpc-title\">\n                            <\/a>\n        <\/h3>\n                <div class=\"wcp-post-contents rpc-content\">\n\n            Quest'estate vieni a trovarci al Mas de la Bolp, Mountain Chalet! Il nostro Maso in Val di Rabbi -Trentino- \u00e8 situato in posizione aperta e panoramica, al confine fra prato&hellip;\n                            <br>\n                <a href=\"https:\/\/www.masdelabolp.it\/de\/offerte\/una-vacanza-al-maso-bella-e-divertente\/\" target=\"_self\" class=\"\">Scopri l'offerta \u00bb<\/a>\n        \n        <\/div>        \n    <\/div>\n<\/div>                <\/div>    \n\n                            <div class=\"slick-slide carousel-item-1745\">\n                    <div class=\"post-style-2 rpc-bg rpc-box\">\n    <div class=\"wcp-img-wrap\">\n        <a href=\"https:\/\/www.masdelabolp.it\/de\/offerte\/in-trentino-tra-baite-e-rifugi-alpini\/\">\n            <div class=\"fixed-height-image\"><img loading=\"lazy\" decoding=\"async\" width=\"600\" height=\"410\" src=\"https:\/\/www.masdelabolp.it\/wp-content\/uploads\/2019\/01\/Rifugio-Dorigoni-Val-di-Rabbi-Trentino-1-600x410.jpg\" class=\"attachment-600x410 size-600x410 wp-post-image\" alt=\"\" srcset=\"https:\/\/www.masdelabolp.it\/wp-content\/uploads\/2019\/01\/Rifugio-Dorigoni-Val-di-Rabbi-Trentino-1-600x410.jpg 600w, https:\/\/www.masdelabolp.it\/wp-content\/uploads\/2019\/01\/Rifugio-Dorigoni-Val-di-Rabbi-Trentino-1-800x547.jpg 800w\" sizes=\"auto, (max-width: 600px) 100vw, 600px\" \/><\/div>        <\/a>\n    <\/div>\n    <div class=\"wcp-content-wrap\">\n        <h3>\n            <a class=\"rpc-title\" href=\"https:\/\/www.masdelabolp.it\/de\/offerte\/in-trentino-tra-baite-e-rifugi-alpini\/\" target=\"_self\" class=\"rpc-title\">\n                            <\/a>\n        <\/h3>\n                <div class=\"wcp-post-contents rpc-content\">\n\n            Una vacanza in Trentino soggiornando tra un rifugio alpino nel Parco Nazionale dello Stelvio ed una baita in Val di Rabbi. Trascorreremo le nostre giornate tra facili passeggiate naturalistiche, ascensioni&hellip;\n                            <br>\n                <a href=\"https:\/\/www.masdelabolp.it\/de\/offerte\/in-trentino-tra-baite-e-rifugi-alpini\/\" target=\"_self\" class=\"\">Scopri l'offerta \u00bb<\/a>\n        \n        <\/div>        \n    <\/div>\n<\/div>                <\/div>    \n\n                            <div class=\"slick-slide carousel-item-1740\">\n                    <div class=\"post-style-2 rpc-bg rpc-box\">\n    <div class=\"wcp-img-wrap\">\n        <a href=\"https:\/\/www.masdelabolp.it\/de\/offerte\/profumi-dautunno-al-mas-de-la-bolp\/\">\n            <div class=\"fixed-height-image\"><img loading=\"lazy\" decoding=\"async\" width=\"600\" height=\"410\" src=\"https:\/\/www.masdelabolp.it\/wp-content\/uploads\/2019\/04\/Mas-de-la-Bolp-Val-di-Rabbi-Trentino-46-600x410.jpg\" class=\"attachment-600x410 size-600x410 wp-post-image\" alt=\"\" srcset=\"https:\/\/www.masdelabolp.it\/wp-content\/uploads\/2019\/04\/Mas-de-la-Bolp-Val-di-Rabbi-Trentino-46-600x410.jpg 600w, https:\/\/www.masdelabolp.it\/wp-content\/uploads\/2019\/04\/Mas-de-la-Bolp-Val-di-Rabbi-Trentino-46-800x547.jpg 800w\" sizes=\"auto, (max-width: 600px) 100vw, 600px\" \/><\/div>        <\/a>\n    <\/div>\n    <div class=\"wcp-content-wrap\">\n        <h3>\n            <a class=\"rpc-title\" href=\"https:\/\/www.masdelabolp.it\/de\/offerte\/profumi-dautunno-al-mas-de-la-bolp\/\" target=\"_self\" class=\"rpc-title\">\n                            <\/a>\n        <\/h3>\n                <div class=\"wcp-post-contents rpc-content\">\n\n            ...anche in Trentino sta arrivando l'autunno con i suoi stupendi colori! Ti proponiamo un soggiorno al Mas de la Bolp (self-catering) incluso di biancheria da letto e bagno, wifi e&hellip;\n                            <br>\n                <a href=\"https:\/\/www.masdelabolp.it\/de\/offerte\/profumi-dautunno-al-mas-de-la-bolp\/\" target=\"_self\" class=\"\">Scopri l'offerta \u00bb<\/a>\n        \n        <\/div>        \n    <\/div>\n<\/div>                <\/div>    \n\n                            <div class=\"slick-slide carousel-item-1743\">\n                    <div class=\"post-style-2 rpc-bg rpc-box\">\n    <div class=\"wcp-img-wrap\">\n        <a href=\"https:\/\/www.masdelabolp.it\/de\/offerte\/il-bramito-del-cervo-nel-parco-nazionale-dello-stelvio\/\">\n            <div class=\"fixed-height-image\"><img loading=\"lazy\" decoding=\"async\" width=\"600\" height=\"410\" src=\"https:\/\/www.masdelabolp.it\/wp-content\/uploads\/2019\/04\/Cervo_Foto-di-Nicola-Angeli_Archivio-PNS-600x410.jpg\" class=\"attachment-600x410 size-600x410 wp-post-image\" alt=\"\" srcset=\"https:\/\/www.masdelabolp.it\/wp-content\/uploads\/2019\/04\/Cervo_Foto-di-Nicola-Angeli_Archivio-PNS-600x410.jpg 600w, https:\/\/www.masdelabolp.it\/wp-content\/uploads\/2019\/04\/Cervo_Foto-di-Nicola-Angeli_Archivio-PNS-800x547.jpg 800w\" sizes=\"auto, (max-width: 600px) 100vw, 600px\" \/><\/div>        <\/a>\n    <\/div>\n    <div class=\"wcp-content-wrap\">\n        <h3>\n            <a class=\"rpc-title\" href=\"https:\/\/www.masdelabolp.it\/de\/offerte\/il-bramito-del-cervo-nel-parco-nazionale-dello-stelvio\/\" target=\"_self\" class=\"rpc-title\">\n                            <\/a>\n        <\/h3>\n                <div class=\"wcp-post-contents rpc-content\">\n\n            Un week end d'autunno al Mas de la Bolp per assistere allo splendido rituale del corteggiamento del Cervo in amore nel Parco Nazionale dello Stelvio in Trentino - Val di&hellip;\n                            <br>\n                <a href=\"https:\/\/www.masdelabolp.it\/de\/offerte\/il-bramito-del-cervo-nel-parco-nazionale-dello-stelvio\/\" target=\"_self\" class=\"\">Scopri l'offerta \u00bb<\/a>\n        \n        <\/div>        \n    <\/div>\n<\/div>                <\/div>    \n\n                            <div class=\"slick-slide carousel-item-1738\">\n                    <div class=\"post-style-2 rpc-bg rpc-box\">\n    <div class=\"wcp-img-wrap\">\n        <a href=\"https:\/\/www.masdelabolp.it\/de\/offerte\/la-stua-del-mas-de-la-bolp-e-aperta\/\">\n            <div class=\"fixed-height-image\"><img loading=\"lazy\" decoding=\"async\" width=\"600\" height=\"410\" src=\"https:\/\/www.masdelabolp.it\/wp-content\/uploads\/2019\/04\/Mas-de-la-Bolp-Mountain-Chalet-Val-di-Rabbi-Trentino-11-600x410.jpg\" class=\"attachment-600x410 size-600x410 wp-post-image\" alt=\"\" srcset=\"https:\/\/www.masdelabolp.it\/wp-content\/uploads\/2019\/04\/Mas-de-la-Bolp-Mountain-Chalet-Val-di-Rabbi-Trentino-11-600x410.jpg 600w, https:\/\/www.masdelabolp.it\/wp-content\/uploads\/2019\/04\/Mas-de-la-Bolp-Mountain-Chalet-Val-di-Rabbi-Trentino-11-800x547.jpg 800w\" sizes=\"auto, (max-width: 600px) 100vw, 600px\" \/><\/div>        <\/a>\n    <\/div>\n    <div class=\"wcp-content-wrap\">\n        <h3>\n            <a class=\"rpc-title\" href=\"https:\/\/www.masdelabolp.it\/de\/offerte\/la-stua-del-mas-de-la-bolp-e-aperta\/\" target=\"_self\" class=\"rpc-title\">\n                            <\/a>\n        <\/h3>\n                <div class=\"wcp-post-contents rpc-content\">\n\n            \"La Stua\" del Mas de la Bolp, per gruppi o mini-gruppi, \u00e8 aperta ogni sera su prenotazione da ottobre a maggio, per merende dal sapore trentino al rientro dalle vostre&hellip;\n                            <br>\n                <a href=\"https:\/\/www.masdelabolp.it\/de\/offerte\/la-stua-del-mas-de-la-bolp-e-aperta\/\" target=\"_self\" class=\"\">Scopri l'offerta \u00bb<\/a>\n        \n        <\/div>        \n    <\/div>\n<\/div>                <\/div>    \n\n                            <div class=\"slick-slide carousel-item-1730\">\n                    <div class=\"post-style-2 rpc-bg rpc-box\">\n    <div class=\"wcp-img-wrap\">\n        <a href=\"https:\/\/www.masdelabolp.it\/de\/offerte\/speciale-freeski-al-mas-de-la-bolp\/\">\n            <div class=\"fixed-height-image\"><img loading=\"lazy\" decoding=\"async\" width=\"600\" height=\"410\" src=\"https:\/\/www.masdelabolp.it\/wp-content\/uploads\/2019\/04\/Mas-de-la-Bolp-funivia-Pejo-3000-in-inverno-600x410.jpg\" class=\"attachment-600x410 size-600x410 wp-post-image\" alt=\"\" srcset=\"https:\/\/www.masdelabolp.it\/wp-content\/uploads\/2019\/04\/Mas-de-la-Bolp-funivia-Pejo-3000-in-inverno-600x410.jpg 600w, https:\/\/www.masdelabolp.it\/wp-content\/uploads\/2019\/04\/Mas-de-la-Bolp-funivia-Pejo-3000-in-inverno-800x547.jpg 800w\" sizes=\"auto, (max-width: 600px) 100vw, 600px\" \/><\/div>        <\/a>\n    <\/div>\n    <div class=\"wcp-content-wrap\">\n        <h3>\n            <a class=\"rpc-title\" href=\"https:\/\/www.masdelabolp.it\/de\/offerte\/speciale-freeski-al-mas-de-la-bolp\/\" target=\"_self\" class=\"rpc-title\">\n                            <\/a>\n        <\/h3>\n                <div class=\"wcp-post-contents rpc-content\">\n\n            Richiedi le nostre settimane promozionali con skipass incluso per il prossimo inverno 2024 - 2025! La promozione include soggiorno al Mas de la Bolp (self-catering) incluso biancheria da letto e&hellip;\n                            <br>\n                <a href=\"https:\/\/www.masdelabolp.it\/de\/offerte\/speciale-freeski-al-mas-de-la-bolp\/\" target=\"_self\" class=\"\">Scopri l'offerta \u00bb<\/a>\n        \n        <\/div>        \n    <\/div>\n<\/div>                <\/div>    \n\n                            <div class=\"slick-slide carousel-item-1732\">\n                    <div class=\"post-style-2 rpc-bg rpc-box\">\n    <div class=\"wcp-img-wrap\">\n        <a href=\"https:\/\/www.masdelabolp.it\/de\/offerte\/speciale-iceclimber\/\">\n            <div class=\"fixed-height-image\"><img loading=\"lazy\" decoding=\"async\" width=\"600\" height=\"410\" src=\"https:\/\/www.masdelabolp.it\/wp-content\/uploads\/2019\/04\/Cascate-di-Valorzi-Mas-de-la-Bolp-Val-di-Rabbi-Trentino-600x410.jpg\" class=\"attachment-600x410 size-600x410 wp-post-image\" alt=\"\" srcset=\"https:\/\/www.masdelabolp.it\/wp-content\/uploads\/2019\/04\/Cascate-di-Valorzi-Mas-de-la-Bolp-Val-di-Rabbi-Trentino-600x410.jpg 600w, https:\/\/www.masdelabolp.it\/wp-content\/uploads\/2019\/04\/Cascate-di-Valorzi-Mas-de-la-Bolp-Val-di-Rabbi-Trentino-800x547.jpg 800w\" sizes=\"auto, (max-width: 600px) 100vw, 600px\" \/><\/div>        <\/a>\n    <\/div>\n    <div class=\"wcp-content-wrap\">\n        <h3>\n            <a class=\"rpc-title\" href=\"https:\/\/www.masdelabolp.it\/de\/offerte\/speciale-iceclimber\/\" target=\"_self\" class=\"rpc-title\">\n                            <\/a>\n        <\/h3>\n                <div class=\"wcp-post-contents rpc-content\">\n\n            Il Mas de la Bolp e\u0300 sotto l\u2019anfiteatro delle cascate di Valorz. Avvicinamento 20 minuti a piedi! Soggiorno al Mas de la Bolp (self-catering) incluso biancheria da letto e bagno,&hellip;\n                            <br>\n                <a href=\"https:\/\/www.masdelabolp.it\/de\/offerte\/speciale-iceclimber\/\" target=\"_self\" class=\"\">Scopri l'offerta \u00bb<\/a>\n        \n        <\/div>        \n    <\/div>\n<\/div>                <\/div>    \n\n                            <div class=\"slick-slide carousel-item-1750\">\n                    <div class=\"post-style-2 rpc-bg rpc-box\">\n    <div class=\"wcp-img-wrap\">\n        <a href=\"https:\/\/www.masdelabolp.it\/de\/offerte\/primavera-in-alta-quota-sci-autentico-per-tracce-eleganti-ed-effimere\/\">\n            <div class=\"fixed-height-image\"><img loading=\"lazy\" decoding=\"async\" width=\"600\" height=\"410\" src=\"https:\/\/www.masdelabolp.it\/wp-content\/uploads\/2019\/01\/Mas-de-la-Bolp-Mountain-chalet-Val-di-Rabbi-Trentino-5-600x410.jpg\" class=\"attachment-600x410 size-600x410 wp-post-image\" alt=\"\" srcset=\"https:\/\/www.masdelabolp.it\/wp-content\/uploads\/2019\/01\/Mas-de-la-Bolp-Mountain-chalet-Val-di-Rabbi-Trentino-5-600x410.jpg 600w, https:\/\/www.masdelabolp.it\/wp-content\/uploads\/2019\/01\/Mas-de-la-Bolp-Mountain-chalet-Val-di-Rabbi-Trentino-5-800x547.jpg 800w\" sizes=\"auto, (max-width: 600px) 100vw, 600px\" \/><\/div>        <\/a>\n    <\/div>\n    <div class=\"wcp-content-wrap\">\n        <h3>\n            <a class=\"rpc-title\" href=\"https:\/\/www.masdelabolp.it\/de\/offerte\/primavera-in-alta-quota-sci-autentico-per-tracce-eleganti-ed-effimere\/\" target=\"_self\" class=\"rpc-title\">\n                            <\/a>\n        <\/h3>\n                <div class=\"wcp-post-contents rpc-content\">\n\n            Alcuni giorni al Mas de la Bolp, in Trentino, per scoprire il mondo meraviglioso delle alte quote primaverili! Neve trasformata, giornate lunghe e temperature non troppo rigide per due fantastiche&hellip;\n                            <br>\n                <a href=\"https:\/\/www.masdelabolp.it\/de\/offerte\/primavera-in-alta-quota-sci-autentico-per-tracce-eleganti-ed-effimere\/\" target=\"_self\" class=\"\">Scopri l'offerta \u00bb<\/a>\n        \n        <\/div>        \n    <\/div>\n<\/div>                <\/div>    \n\n                            <div class=\"slick-slide carousel-item-1748\">\n                    <div class=\"post-style-2 rpc-bg rpc-box\">\n    <div class=\"wcp-img-wrap\">\n        <a href=\"https:\/\/www.masdelabolp.it\/de\/offerte\/week-end-di-primavera-al-maso\/\">\n            <div class=\"fixed-height-image\"><img loading=\"lazy\" decoding=\"async\" width=\"600\" height=\"410\" src=\"https:\/\/www.masdelabolp.it\/wp-content\/uploads\/2019\/01\/Mas-de-la-Bolp-Mountain-Chalet-Val-di-Rabbi-Trentino-30-1-600x410.jpg\" class=\"attachment-600x410 size-600x410 wp-post-image\" alt=\"\" srcset=\"https:\/\/www.masdelabolp.it\/wp-content\/uploads\/2019\/01\/Mas-de-la-Bolp-Mountain-Chalet-Val-di-Rabbi-Trentino-30-1-600x410.jpg 600w, https:\/\/www.masdelabolp.it\/wp-content\/uploads\/2019\/01\/Mas-de-la-Bolp-Mountain-Chalet-Val-di-Rabbi-Trentino-30-1-800x547.jpg 800w\" sizes=\"auto, (max-width: 600px) 100vw, 600px\" \/><\/div>        <\/a>\n    <\/div>\n    <div class=\"wcp-content-wrap\">\n        <h3>\n            <a class=\"rpc-title\" href=\"https:\/\/www.masdelabolp.it\/de\/offerte\/week-end-di-primavera-al-maso\/\" target=\"_self\" class=\"rpc-title\">\n                            <\/a>\n        <\/h3>\n                <div class=\"wcp-post-contents rpc-content\">\n\n            Un week end al Mas de la Bolp per vivere gli ambienti, i colori ed i sapori primaverili del Parco Nazionale dello Stelvio in Trentino! Il nostro Maso in Val&hellip;\n                            <br>\n                <a href=\"https:\/\/www.masdelabolp.it\/de\/offerte\/week-end-di-primavera-al-maso\/\" target=\"_self\" class=\"\">Scopri l'offerta \u00bb<\/a>\n        \n        <\/div>        \n    <\/div>\n<\/div>                <\/div>    \n\n                            <div class=\"slick-slide carousel-item-1742\">\n                    <div class=\"post-style-2 rpc-bg rpc-box\">\n    <div class=\"wcp-img-wrap\">\n        <a href=\"https:\/\/www.masdelabolp.it\/de\/offerte\/pomaria-in-trentino-per-la-festa-del-raccolto\/\">\n            <div class=\"fixed-height-image\"><img loading=\"lazy\" decoding=\"async\" width=\"600\" height=\"410\" src=\"https:\/\/www.masdelabolp.it\/wp-content\/uploads\/2019\/04\/pomaria-600x410.png\" class=\"attachment-600x410 size-600x410 wp-post-image\" alt=\"\" srcset=\"https:\/\/www.masdelabolp.it\/wp-content\/uploads\/2019\/04\/pomaria-600x410.png 600w, https:\/\/www.masdelabolp.it\/wp-content\/uploads\/2019\/04\/pomaria-800x547.png 800w\" sizes=\"auto, (max-width: 600px) 100vw, 600px\" \/><\/div>        <\/a>\n    <\/div>\n    <div class=\"wcp-content-wrap\">\n        <h3>\n            <a class=\"rpc-title\" href=\"https:\/\/www.masdelabolp.it\/de\/offerte\/pomaria-in-trentino-per-la-festa-del-raccolto\/\" target=\"_self\" class=\"rpc-title\">\n                            <\/a>\n        <\/h3>\n                <div class=\"wcp-post-contents rpc-content\">\n\n            Un week end d'autunno al Mas de la Bolp per assistere ad una grande manifestazione all\u2019insegna dell\u2019arte, della cultura, della gastronomia, della musica e della tradizione. Un evento alla scoperta&hellip;\n                            <br>\n                <a href=\"https:\/\/www.masdelabolp.it\/de\/offerte\/pomaria-in-trentino-per-la-festa-del-raccolto\/\" target=\"_self\" class=\"\">Scopri l'offerta \u00bb<\/a>\n        \n        <\/div>        \n    <\/div>\n<\/div>                <\/div>    \n\n                \n        <\/section>\n        <\/div>\n        <style>#carousel-57 .slick-prev:before, #carousel-57 .slick-next:before { color: #ffffff !important;}#carousel-57 .slick-slide { margin: 2px 20px; } #carousel-57 .rpc-title { color: ; } #carousel-57 .rpc-content { color: ; } #carousel-57 .rpc-date { background-color: ; } #carousel-57 .rpc-date { color: ; } #carousel-57 .rpc-overlay { background-color: ; } #carousel-57 .carousel-style9 { border-top-color: ; } #carousel-57 .carousel-style9 .button:before { background-color: ; } #carousel-57 .rpc-box { box-shadow: ; } #carousel-57 .rpc-bg { background-color: ; } #carousel-57 .rpc-title-bg { background-color: ; } #carousel-57 .rpc-box { border: 1px solid #e2e2e2; } #carousel-57 .fixed-height-image { height: ; } #carousel-57 .style4 { padding: 10px; } #carousel-57 .style6 { padding: 10px; } #carousel-57 .slick-next:before { content: '\\ \\f152 '; } #carousel-57 .slick-prev:before { content: '\\ \\f191'; }#carousel-57 .slick-next:before, #carousel-57 .slick-prev:before { background-color: #9d2a26; padding: 5px; } #carousel-57 .rpc-title { font-family: EB Garamond; } #carousel-57 .rpc-title { font-size: 24px; } #carousel-57 .rpc-content { font-family: Muli; } #carousel-57 .rpc-content { font-size: 15px; } <\/style>[\/vc_column_text][\/vc_column][\/vc_row]<\/p>\n<\/div>","protected":false},"excerpt":{"rendered":"<p>[vc_row css=&#8220;.vc_custom_1547817466497{margin-top: 50px !important;margin-bottom: 50px !important;}&#8220;][vc_column width=&#8220;1\/3&#8243;][vc_column_text] Webcam Das Valle di Valorz mit dem Mas de la Bolp [\/vc_column_text][\/vc_column][vc_column width=&#8220;2\/3&#8243;][vc_column_text]***Unsere Webcam ist vor\u00fcbergehend au\u00dfer Betrieb, sorry! ** Die Webcam zeigt das Valle di Valorz mit dem Mas de la Bolp. Das Bild, das alle 5 Sekunden aktualisiert wird, bietet einen vollst\u00e4ndigen Eindruck \u00fcber die Landschaft,<\/p>\n","protected":false},"author":2,"featured_media":0,"parent":0,"menu_order":0,"comment_status":"closed","ping_status":"closed","template":"","meta":{"_seopress_robots_primary_cat":"","_seopress_titles_title":"","_seopress_titles_desc":"Das Bild, das alle 5 Sekunden aktualisiert wird, bietet einen vollst\u00e4ndigen Eindruck \u00fcber die Landschaft, die das Mas de la Bolp umgibt, die Schneeverh\u00e4ltnisse und die Wetterbedingungen.","_seopress_robots_index":"","footnotes":""},"class_list":["post-1562","page","type-page","status-publish","hentry"],"_links":{"self":[{"href":"https:\/\/www.masdelabolp.it\/de\/wp-json\/wp\/v2\/pages\/1562","targetHints":{"allow":["GET"]}}],"collection":[{"href":"https:\/\/www.masdelabolp.it\/de\/wp-json\/wp\/v2\/pages"}],"about":[{"href":"https:\/\/www.masdelabolp.it\/de\/wp-json\/wp\/v2\/types\/page"}],"author":[{"embeddable":true,"href":"https:\/\/www.masdelabolp.it\/de\/wp-json\/wp\/v2\/users\/2"}],"replies":[{"embeddable":true,"href":"https:\/\/www.masdelabolp.it\/de\/wp-json\/wp\/v2\/comments?post=1562"}],"version-history":[{"count":9,"href":"https:\/\/www.masdelabolp.it\/de\/wp-json\/wp\/v2\/pages\/1562\/revisions"}],"predecessor-version":[{"id":4894,"href":"https:\/\/www.masdelabolp.it\/de\/wp-json\/wp\/v2\/pages\/1562\/revisions\/4894"}],"wp:attachment":[{"href":"https:\/\/www.masdelabolp.it\/de\/wp-json\/wp\/v2\/media?parent=1562"}],"curies":[{"name":"wp","href":"https:\/\/api.w.org\/{rel}","templated":true}]}}